{"id":59,"date":"2024-01-22T13:21:57","date_gmt":"2024-01-22T13:21:57","guid":{"rendered":"https:\/\/indmass.com.mx\/home\/?page_id=59"},"modified":"2024-11-13T14:48:18","modified_gmt":"2024-11-13T14:48:18","slug":"59-2","status":"publish","type":"page","link":"https:\/\/indmass.com.mx\/home\/","title":{"rendered":"Inicio"},"content":{"rendered":"<p>[et_pb_section fb_built=\u00bb1&#8243; fullwidth=\u00bbon\u00bb _builder_version=\u00bb4.27.0&#8243; _module_preset=\u00bbdefault\u00bb global_colors_info=\u00bb{}\u00bb][et_pb_fullwidth_image src=\u00bbhttps:\/\/indmass.com.mx\/home\/wp-content\/uploads\/2024\/10\/principal.png\u00bb title_text=\u00bbprincipal\u00bb _builder_version=\u00bb4.27.0&#8243; _module_preset=\u00bbdefault\u00bb global_colors_info=\u00bb{}\u00bb][\/et_pb_fullwidth_image][\/et_pb_section][et_pb_section fb_built=\u00bb1&#8243; _builder_version=\u00bb4.27.0&#8243; _module_preset=\u00bbdefault\u00bb min_height=\u00bb320.4px\u00bb animation_style=\u00bbslide\u00bb global_colors_info=\u00bb{}\u00bb][et_pb_row column_structure=\u00bb1_2,1_2&#8243; _builder_version=\u00bb4.27.0&#8243; _module_preset=\u00bbdefault\u00bb transform_scale=\u00bb95%|95%\u00bb transform_translate=\u00bb18px|18px\u00bb transform_origin=\u00bb50%|88%\u00bb width=\u00bb100%\u00bb max_width=\u00bb1400px\u00bb module_alignment=\u00bbcenter\u00bb min_height=\u00bb178.4px\u00bb custom_margin=\u00bb-5px|21px||259px|false|false\u00bb custom_padding=\u00bb167px|3px|11px|146px|false|false\u00bb global_colors_info=\u00bb{}\u00bb][et_pb_column type=\u00bb1_2&#8243; _builder_version=\u00bb4.27.0&#8243; _module_preset=\u00bbdefault\u00bb global_colors_info=\u00bb{}\u00bb][et_pb_image src=\u00bbhttps:\/\/indmass.com.mx\/home\/wp-content\/uploads\/2024\/10\/mastercal1.png\u00bb title_text=\u00bbmastercal1&#8243; _builder_version=\u00bb4.27.0&#8243; _module_preset=\u00bbdefault\u00bb transform_scale=\u00bb105%|105%\u00bb width=\u00bb95%\u00bb module_alignment=\u00bbcenter\u00bb custom_margin=\u00bb|-178px||||\u00bb custom_padding=\u00bb|0px||5px||\u00bb global_colors_info=\u00bb{}\u00bb][\/et_pb_image][\/et_pb_column][et_pb_column type=\u00bb1_2&#8243; _builder_version=\u00bb4.27.0&#8243; _module_preset=\u00bbdefault\u00bb global_colors_info=\u00bb{}\u00bb][et_pb_text _builder_version=\u00bb4.27.0&#8243; _module_preset=\u00bbdefault\u00bb width=\u00bb91.2%\u00bb custom_margin=\u00bb|-154px||2px|false|false\u00bb custom_padding=\u00bb|||0px|false|false\u00bb hover_enabled=\u00bb0&#8243; global_colors_info=\u00bb{}\u00bb sticky_enabled=\u00bb0&#8243;]<\/p>\n<p style=\"text-align: justify;\"><strong>Masstercal.<\/strong><\/p>\n<p>Los calentadores Masstecal son la soluci\u00f3n perfecta para garantizar el confort t\u00e9rmico en tus proyectos.<\/p>\n<ul>\n<li>Eficiencia t\u00e9rmica del 89%<\/li>\n<li>Desde 100,000 hasta 2,400,000 BTU&#8217;s.<\/li>\n<li>Aplicaciones residenciales, comerciales e industriales.<\/li>\n<li>Dise\u00f1ados para resistir las condiciones m\u00e1s dif\u00edciles.<\/li>\n<\/ul>\n<p>Nuestro equipo de expertos te ayudar\u00e1 a seleccionar el modelo ideal, considerando las necesidades espec\u00edficas de cada uno de tus proyectos.<\/p>\n<h6 style=\"text-align: justify;\"><a href=\"https:\/\/indmass.com.mx\/tienda\/3-calentadores-masstercal\"><strong>Conocer m\u00e1s<\/strong><\/a><\/h6>\n<p>[\/et_pb_text][\/et_pb_column][\/et_pb_row][\/et_pb_section][et_pb_section fb_built=\u00bb1&#8243; _builder_version=\u00bb4.27.0&#8243; _module_preset=\u00bbdefault\u00bb vertical_offset=\u00bb0px\u00bb horizontal_offset=\u00bb0px\u00bb module_alignment=\u00bbcenter\u00bb min_height=\u00bb463.4px\u00bb custom_margin=\u00bb-172px|||||\u00bb custom_padding=\u00bb0px|||||\u00bb animation_style=\u00bbslide\u00bb global_colors_info=\u00bb{}\u00bb][et_pb_row column_structure=\u00bb1_2,1_2&#8243; custom_padding_last_edited=\u00bbon|phone\u00bb _builder_version=\u00bb4.27.0&#8243; _module_preset=\u00bbdefault\u00bb width=\u00bb98.2%\u00bb max_width=\u00bb1400px\u00bb module_alignment=\u00bbcenter\u00bb min_height=\u00bb271.4px\u00bb custom_margin=\u00bb108px|-8px|-58px|147px|false|false\u00bb custom_margin_tablet=\u00bb108px|-8px|-58px|147px|false|false\u00bb custom_margin_phone=\u00bb100px||||false|false\u00bb custom_margin_last_edited=\u00bbon|phone\u00bb custom_padding=\u00bb63px|0px||150px|false|false\u00bb custom_padding_tablet=\u00bb63px|0px||150px|false|false\u00bb custom_padding_phone=\u00bb30px|0px||150px|false|false\u00bb animation_style=\u00bbfade\u00bb global_colors_info=\u00bb{}\u00bb][et_pb_column type=\u00bb1_2&#8243; _builder_version=\u00bb4.27.0&#8243; _module_preset=\u00bbdefault\u00bb global_colors_info=\u00bb{}\u00bb][et_pb_text _builder_version=\u00bb4.27.0&#8243; _module_preset=\u00bbdefault\u00bb width=\u00bb96.5%\u00bb min_height=\u00bb298.4px\u00bb custom_margin=\u00bb|36px||36px||\u00bb custom_margin_tablet=\u00bb|36px||36px||\u00bb custom_margin_phone=\u00bb|-100px|||false|false\u00bb custom_margin_last_edited=\u00bbon|phone\u00bb custom_padding=\u00bb|0px||0px||\u00bb hover_enabled=\u00bb0&#8243; global_colors_info=\u00bb{}\u00bb sticky_enabled=\u00bb0&#8243;]<\/p>\n<h6 style=\"text-align: justify;\"><strong>AQUAPLUS<\/strong><\/h6>\n<p>Dise\u00f1amos y fabricamos sistemas de tratamiento de agua clara adaptados a las necesidades espec\u00edficas de cada cliente.<\/p>\n<ul>\n<li>Laboratorio de an\u00e1lisis fisicoqu\u00edmico para evaluaci\u00f3n de la calidad del agua.<\/li>\n<li>Calculo y selecci\u00f3n de equipos de acuerdo con los resultados de laboratorio.<\/li>\n<li>Fabricamos equipos de alta calidad con tanques de fibra de vidrio, acero negro, galvanizado y\/o inoxidable.<\/li>\n<li>Ingenier\u00eda y servicio t\u00e9cnico especializado.<\/li>\n<\/ul>\n<h5 style=\"text-align: justify;\"><strong><a href=\"https:\/\/indmass.com.mx\/tienda\/6-tratamiento-de-agua-aquaplus\">Conocer m\u00e1s<\/a><\/strong><\/h5>\n<p>[\/et_pb_text][\/et_pb_column][et_pb_column type=\u00bb1_2&#8243; _builder_version=\u00bb4.27.0&#8243; _module_preset=\u00bbdefault\u00bb global_colors_info=\u00bb{}\u00bb][et_pb_image src=\u00bbhttps:\/\/indmass.com.mx\/home\/wp-content\/uploads\/2024\/10\/Aquaplus1.png\u00bb title_text=\u00bbAquaplus1&#8243; align=\u00bbright\u00bb _builder_version=\u00bb4.27.0&#8243; _module_preset=\u00bbdefault\u00bb transform_scale=\u00bb99%|99%\u00bb transform_scale_tablet=\u00bb99%|99%\u00bb transform_scale_phone=\u00bb131%|131%\u00bb transform_scale_last_edited=\u00bbon|phone\u00bb transform_translate_tablet=\u00bb\u00bb transform_translate_phone=\u00bb\u00bb transform_translate_last_edited=\u00bbon|phone\u00bb transform_rotate_tablet=\u00bb\u00bb transform_rotate_phone=\u00bb\u00bb transform_rotate_last_edited=\u00bbon|phone\u00bb transform_skew_tablet=\u00bb\u00bb transform_skew_phone=\u00bb\u00bb transform_skew_last_edited=\u00bbon|phone\u00bb transform_origin_tablet=\u00bb\u00bb transform_origin_phone=\u00bb\u00bb transform_origin_last_edited=\u00bbon|phone\u00bb transform_styles_last_edited=\u00bbon|phone\u00bb width=\u00bb88%\u00bb custom_margin=\u00bb|-76px||-49px||\u00bb custom_margin_tablet=\u00bb|-76px||-49px||\u00bb custom_margin_phone=\u00bb|||50px|false|false\u00bb custom_margin_last_edited=\u00bbon|phone\u00bb custom_padding=\u00bb2px|0px||0px|false|false\u00bb transform_styles_tablet=\u00bb\u00bb transform_styles_phone=\u00bb\u00bb global_colors_info=\u00bb{}\u00bb][\/et_pb_image][\/et_pb_column][\/et_pb_row][\/et_pb_section][et_pb_section fb_built=\u00bb1&#8243; _builder_version=\u00bb4.27.0&#8243; _module_preset=\u00bbdefault\u00bb horizontal_offset=\u00bb-315px\u00bb min_height=\u00bb286.4px\u00bb custom_margin=\u00bb-59px||-293px|||\u00bb animation_style=\u00bbslide\u00bb global_colors_info=\u00bb{}\u00bb][et_pb_row column_structure=\u00bb1_2,1_2&#8243; _builder_version=\u00bb4.27.0&#8243; _module_preset=\u00bbdefault\u00bb horizontal_offset=\u00bb303px\u00bb z_index=\u00bb74&#8243; width=\u00bb98.2%\u00bb max_width=\u00bb1400px\u00bb module_alignment=\u00bbcenter\u00bb min_height=\u00bb369.4px\u00bb custom_margin=\u00bb|||341px|false|false\u00bb custom_padding=\u00bb0px||||false|false\u00bb global_colors_info=\u00bb{}\u00bb][et_pb_column type=\u00bb1_2&#8243; _builder_version=\u00bb4.27.0&#8243; _module_preset=\u00bbdefault\u00bb global_colors_info=\u00bb{}\u00bb][et_pb_image src=\u00bbhttps:\/\/indmass.com.mx\/home\/wp-content\/uploads\/2024\/10\/MASSTANQ.png\u00bb title_text=\u00bbMASSTANQ\u00bb _builder_version=\u00bb4.27.0&#8243; _module_preset=\u00bbdefault\u00bb width=\u00bb100%\u00bb custom_margin=\u00bb|-181px||||\u00bb custom_padding=\u00bb|0px||||\u00bb global_colors_info=\u00bb{}\u00bb][\/et_pb_image][\/et_pb_column][et_pb_column type=\u00bb1_2&#8243; _builder_version=\u00bb4.27.0&#8243; _module_preset=\u00bbdefault\u00bb global_colors_info=\u00bb{}\u00bb][et_pb_text _builder_version=\u00bb4.27.0&#8243; _module_preset=\u00bbdefault\u00bb width=\u00bb136.6%\u00bb max_width=\u00bb80%\u00bb min_height=\u00bb145.3px\u00bb custom_margin=\u00bb|769px||-51px||\u00bb custom_padding=\u00bb|0px||0px||\u00bb hover_enabled=\u00bb0&#8243; global_colors_info=\u00bb{}\u00bb sticky_enabled=\u00bb0&#8243;]<\/p>\n<h6 style=\"text-align: justify;\"><strong>MASSTANQ<\/strong><\/h6>\n<p>Soluciones a tu medida en tanques met\u00e1licos.<\/p>\n<p>Con m\u00e1s de 60 a\u00f1os de experiencia, somos l\u00edderes en la fabricaci\u00f3n de tanques met\u00e1licos personalizados para almacenar agua y di\u00e9sel.<\/p>\n<p>Desde tanques residenciales hasta grandes instalaciones industriales.<\/p>\n<ul>\n<li>Ingenier\u00eda especializada para elegir el tanque adecuado para tus proyectos.<\/li>\n<li>Variedad de materiales, acero negro, galvanizado o inoxidable.<\/li>\n<li>Configuraciones verticales u horizontales<\/li>\n<\/ul>\n<p style=\"text-align: justify;\"><strong><a href=\"https:\/\/indmass.com.mx\/tanques\/https:\/\/indmass.com.mx\/tanques\/\">Conocer m\u00e1s<\/a><\/strong><\/p>\n<p>[\/et_pb_text][\/et_pb_column][\/et_pb_row][\/et_pb_section][et_pb_section fb_built=\u00bb1&#8243; _builder_version=\u00bb4.27.0&#8243; _module_preset=\u00bbdefault\u00bb horizontal_offset=\u00bb-289px\u00bb min_height=\u00bb183.4px\u00bb custom_margin=\u00bb4px|||||\u00bb custom_padding=\u00bb180px|||||\u00bb animation_style=\u00bbslide\u00bb global_colors_info=\u00bb{}\u00bb][et_pb_row column_structure=\u00bb1_2,1_2&#8243; _builder_version=\u00bb4.27.0&#8243; _module_preset=\u00bbdefault\u00bb horizontal_offset=\u00bb109px\u00bb width=\u00bb98.5%\u00bb max_width=\u00bb1427px\u00bb min_height=\u00bb474.5px\u00bb custom_margin=\u00bb|-311px||357px||\u00bb custom_padding=\u00bb1px|0px||86px||\u00bb global_colors_info=\u00bb{}\u00bb][et_pb_column type=\u00bb1_2&#8243; _builder_version=\u00bb4.27.0&#8243; _module_preset=\u00bbdefault\u00bb global_colors_info=\u00bb{}\u00bb][et_pb_text _builder_version=\u00bb4.27.0&#8243; _module_preset=\u00bbdefault\u00bb width=\u00bb100%\u00bb custom_margin=\u00bb||||false|false\u00bb custom_padding=\u00bb|41px||0px|false|false\u00bb hover_enabled=\u00bb0&#8243; global_colors_info=\u00bb{}\u00bb sticky_enabled=\u00bb0&#8243;]<\/p>\n<h6><strong>Calentamiento de Agua Instantaneo Rinnai.<\/strong><\/h6>\n<p>Los calentadores Rinnai son la soluci\u00f3n inteligente para tus necesidades de agua caliente. Nuestra avanzada tecnolog\u00eda turbo asistida modulante garantiza un rendimiento \u00f3ptimo y un bajo consumo energ\u00e9tico.<\/p>\n<ul>\n<li>Tecnolog\u00eda turbo asistida modulante que se adapta a tu consumo para un mayor ahorro.<\/li>\n<li>Confort garantizado.<\/li>\n<li>Dise\u00f1ados para una instalaci\u00f3n r\u00e1pida y sencilla.<\/li>\n<li>Encuentra el modelo perfecto para tu proyecto.<\/li>\n<\/ul>\n<h6><strong><a href=\"https:\/\/rinnai.mx\/\">Conocer M\u00e1s<\/a><\/strong><\/h6>\n<p>[\/et_pb_text][\/et_pb_column][et_pb_column type=\u00bb1_2&#8243; _builder_version=\u00bb4.27.0&#8243; _module_preset=\u00bbdefault\u00bb global_colors_info=\u00bb{}\u00bb][et_pb_image src=\u00bbhttps:\/\/indmass.com.mx\/home\/wp-content\/uploads\/2024\/10\/RINNAI.png\u00bb title_text=\u00bbRINNAI\u00bb _builder_version=\u00bb4.27.0&#8243; _module_preset=\u00bbdefault\u00bb width=\u00bb95.9%\u00bb custom_margin=\u00bb|-110px||1px||\u00bb global_colors_info=\u00bb{}\u00bb][\/et_pb_image][\/et_pb_column][\/et_pb_row][\/et_pb_section]<\/p>\n","protected":false},"excerpt":{"rendered":"<p>Masstercal. Los calentadores Masstecal son la soluci\u00f3n perfecta para garantizar el confort t\u00e9rmico en tus proyectos. Eficiencia t\u00e9rmica del 89% Desde 100,000 hasta 2,400,000 BTU&#8217;s. Aplicaciones residenciales, comerciales e industriales. Dise\u00f1ados para resistir las condiciones m\u00e1s dif\u00edciles. Nuestro equipo de expertos te ayudar\u00e1 a seleccionar el modelo ideal, considerando las necesidades espec\u00edficas de cada uno [&hellip;]<\/p>\n","protected":false},"author":1,"featured_media":0,"parent":0,"menu_order":0,"comment_status":"closed","ping_status":"closed","template":"","meta":{"_et_pb_use_builder":"on","_et_pb_old_content":"","_et_gb_content_width":"","footnotes":""},"class_list":["post-59","page","type-page","status-publish","hentry"],"_links":{"self":[{"href":"https:\/\/indmass.com.mx\/home\/wp-json\/wp\/v2\/pages\/59","targetHints":{"allow":["GET"]}}],"collection":[{"href":"https:\/\/indmass.com.mx\/home\/wp-json\/wp\/v2\/pages"}],"about":[{"href":"https:\/\/indmass.com.mx\/home\/wp-json\/wp\/v2\/types\/page"}],"author":[{"embeddable":true,"href":"https:\/\/indmass.com.mx\/home\/wp-json\/wp\/v2\/users\/1"}],"replies":[{"embeddable":true,"href":"https:\/\/indmass.com.mx\/home\/wp-json\/wp\/v2\/comments?post=59"}],"version-history":[{"count":228,"href":"https:\/\/indmass.com.mx\/home\/wp-json\/wp\/v2\/pages\/59\/revisions"}],"predecessor-version":[{"id":1121,"href":"https:\/\/indmass.com.mx\/home\/wp-json\/wp\/v2\/pages\/59\/revisions\/1121"}],"wp:attachment":[{"href":"https:\/\/indmass.com.mx\/home\/wp-json\/wp\/v2\/media?parent=59"}],"curies":[{"name":"wp","href":"https:\/\/api.w.org\/{rel}","templated":true}]}}