{"id":1200,"date":"2025-03-21T16:25:52","date_gmt":"2025-03-21T16:25:52","guid":{"rendered":"https:\/\/indmass.com.mx\/home\/?page_id=1200"},"modified":"2025-03-21T20:54:46","modified_gmt":"2025-03-21T20:54:46","slug":"aviso-privacidad","status":"publish","type":"page","link":"https:\/\/indmass.com.mx\/home\/aviso-privacidad\/","title":{"rendered":"Aviso Privacidad"},"content":{"rendered":"<p>[et_pb_section fb_built=\u00bb1&#8243; _builder_version=\u00bb4.27.0&#8243; _module_preset=\u00bbdefault\u00bb da_disable_devices=\u00bboff|off|off\u00bb global_colors_info=\u00bb{}\u00bb da_is_popup=\u00bboff\u00bb da_exit_intent=\u00bboff\u00bb da_has_close=\u00bbon\u00bb da_alt_close=\u00bboff\u00bb da_dark_close=\u00bboff\u00bb da_not_modal=\u00bbon\u00bb da_is_singular=\u00bboff\u00bb da_with_loader=\u00bboff\u00bb da_has_shadow=\u00bbon\u00bb][et_pb_row _builder_version=\u00bb4.27.0&#8243; _module_preset=\u00bbdefault\u00bb global_colors_info=\u00bb{}\u00bb][et_pb_column type=\u00bb4_4&#8243; _builder_version=\u00bb4.27.0&#8243; _module_preset=\u00bbdefault\u00bb global_colors_info=\u00bb{}\u00bb][et_pb_text _builder_version=\u00bb4.27.0&#8243; _module_preset=\u00bbdefault\u00bb hover_enabled=\u00bb0&#8243; global_colors_info=\u00bb{}\u00bb sticky_enabled=\u00bb0&#8243;]<\/p>\n<p style=\"font-weight: 400;\"><b><strong><\/strong><\/b><\/p>\n<p style=\"font-weight: 400;\"><b><strong><\/strong><\/b><\/p>\n<p style=\"font-weight: 400;\"><b><strong><\/strong><\/b><\/p>\n<p style=\"font-weight: 400; text-align: justify;\"><b><strong><\/strong><\/b><\/p>\n<p style=\"font-weight: 400; text-align: justify;\"><b><strong>AVISO DE USO Y PRIVACIDAD INTEGRAL DE INDUSTRIAS MASS<\/strong><\/b><\/p>\n<p style=\"font-weight: 400; text-align: justify;\">De conformidad con lo establecido por la Ley Federal de Protecci\u00f3n de Datos Personales en Posesi\u00f3n de los Particulares \u201cLey de Protecci\u00f3n de Datos\u201d y por el Reglamento de la Ley Federal de Protecci\u00f3n de Datos Personales en Posesi\u00f3n de los Particulares \u201cReglamento\u201d, a los usuarios del sitio www.indmass.com.mx (\u201cSitio Web\u201d), a nuestros clientes y\/o a las personas que de manera voluntaria acceden y tienen uso en \u00e9l, por parte de cualquier persona se le denominar\u00e1 en adelante el USUARIO del sitio web cuya direcci\u00f3n electr\u00f3nica se menciona con anterioridad, as\u00ed como de los subsitios web que se deriven o est\u00e9n sustentados en dicho sitio web, o de los cuales tambi\u00e9n sea titular Industrias Mass (en adelante el SITIO), constituye la aceptaci\u00f3n y acuerdo pleno e incondicional por parte del USUARIO con Industrias Mass, en relaci\u00f3n a los presentes T\u00e9rminos y Condiciones de Uso del Sitio y subsitios.<\/p>\n<p style=\"font-weight: 400; text-align: justify;\"><b><strong>T\u00e9rminos de uso<\/strong><\/b><\/p>\n<p style=\"font-weight: 400; text-align: justify;\">Dichos T\u00c9RMINOS DE USO regulan el uso y acceso del SITIO, as\u00ed como de todo el material incluido en el mismo, entendiendo por estos en forma declarativa y no limitativa, texto, procesos, elementos gr\u00e1ficos, marcas, denominaciones, informativos y multimedia (en adelante los CONTENIDOS). Por lo cual es necesario que el USUARIO los lea previamente y los eval\u00fae cuidadosamente, de tal forma que su aceptaci\u00f3n sea de forma consciente y libre. Sujet\u00e1ndose a ellos, y a las modificaciones que pudieran sufrir, en todo momento y lugar.<\/p>\n<p style=\"font-weight: 400; text-align: justify;\">Si en cualquier momento el USUARIO no estuviese de acuerdo de manera parcial o total con los T\u00c9RMINOS DE USO, deber\u00e1 inmediatamente abstenerse de acceder o usar el SITIO y los CONTENIDOS en cualquiera de sus partes.<\/p>\n<p style=\"font-weight: 400; text-align: justify;\">El USUARIO est\u00e1 de acuerdo que en cualquiera de las partes del SITIO podr\u00e1 haber estipulaciones particulares, que, seg\u00fan el caso, complementar\u00e1n, sustituir\u00e1n o modificar\u00e1n los T\u00c9RMINOS DE USO (en lo sucesivo ESTIPULACIONES PARTICULARES). En todos los casos, los presentes T\u00c9RMINOS DE USO tendr\u00e1n el car\u00e1cter supletorio en relaci\u00f3n a las ESTIPULACIONES PARTICULARES. Por lo cual es necesario que el USUARIO lea dichas ESTIPULACIONES PARTICULARES previamente y las eval\u00fae cuidadosamente, de tal forma que su aceptaci\u00f3n sea de forma consciente y libre, sujet\u00e1ndose a ellas, y a las modificaciones que pudieran sufrir, en todo momento y lugar. Si en cualquier momento el USUARIO no estuviere de acuerdo de manera parcial o total con dichas ESTIPULACIONES PARTICULARES, deber\u00e1 inmediatamente abstenerse de acceder o usar la parte del SITIO y\/o CONTENIDOS que se regula por dichas.<\/p>\n<p style=\"font-weight: 400; text-align: justify;\"><b><strong>Estipulaciones particulares<\/strong><\/b><\/p>\n<p style=\"font-weight: 400; text-align: justify;\">El USUARIO reconoce que el SITIO, as\u00ed como los CONTENIDOS, son propiedad absoluta y exclusiva de Industrias Mass, salvo disposici\u00f3n expresa en contrario, y se encuentran protegidos por la legislaci\u00f3n nacional aplicable. Por lo cual Industrias Mass se reserva en todo momento el derecho de modificar y retirar, en cualquier forma, el SITIO y los CONTENIDOS de manera parcial o total; as\u00ed como a negar el uso total o parcial del SITIO y\/o de los CONTENIDOS por parte del USUARIO.<\/p>\n<p style=\"font-weight: 400; text-align: justify;\">Industrias Mass solamente autoriza al USUARIO que acepte las condiciones establecidas en los presentes T\u00c9RMINOS DE USO a acceder y utilizar el SITIO y los CONTENIDOS de conformidad con los citados T\u00c9RMINOS DE USO. Sin que ello implique que Industrias Mass conceda al USUARIO licencia, autorizaci\u00f3n o derecho alguno distinto al acceso y al uso del SITIO y los CONTENIDOS, de conformidad con los T\u00c9RMINOS DE USO. En especial con relaci\u00f3n a los derechos de propiedad intelectual e industrial que se puedan derivar del SITIO y los CONTENIDOS, los cuales ser\u00e1n en todo momento propiedad exclusiva y absoluta de Industrias Mass, salvo disposici\u00f3n expresa en contrario que al respecto haga Industrias Mass.<\/p>\n<p style=\"font-weight: 400; text-align: justify;\">El acceso y uso del SITIO por parte del USUARIO tiene car\u00e1cter gratuito. Industrias Mass se reserva el derecho de hacer necesario el registro por parte del USUARIO para poder acceder y hacer uso del SITIO, en especial a alguno de los subsitios del SITIO, y\/o de los CONTENIDOS.<\/p>\n<p style=\"font-weight: 400; text-align: justify;\"><b><strong>\u00a0<\/strong><\/b><\/p>\n<p style=\"font-weight: 400; text-align: justify;\"><b><strong>Obligaci\u00f3n de hacer uso correcto del SITIO y de los CONTENIDOS<\/strong><\/b><\/p>\n<p style=\"font-weight: 400; text-align: justify;\">El USUARIO se obliga a utilizar el SITIO y los CONTENIDOS conforme a las leyes aplicables y lo dispuesto en estos T\u00c9RMINOS DE USO. El USUARIO se obliga a utilizar el SITIO y cualquiera de los CONTENIDOS, de tal forma que no lesione derechos o intereses de Industrias Mass o de terceros, comprometi\u00e9ndose el USUARIO en forma particular a abstenerse de: (a) utilizar el SITIO y los CONTENIDOS de forma, con fines o efectos contrarios a la ley y a lo establecido en los presentes T\u00c9RMINOS DE USO ; (b) copiar, difundir, modificar, reproducir, distribuir o utilizar de cualquier forma con fines de lucro el SITIO y\/o los CONTENIDOS, salvo que se cuente con la autorizaci\u00f3n expresa y por escrito de Industrias Mass; (c) modificar o manipular las marcas, logotipos, avisos comerciales, nombres comerciales y signos distintivos en general que formen parte del SITIO o los CONTENIDOS, lo anterior sin importar qui\u00e9n sea el titular de los derechos sobre los mismos, con la salvedad de que se cuente con la autorizaci\u00f3n por escrito de Industrias Mass, (d) suprimir o modificar, de manera parcial o total el SITIO o los CONTENIDOS, as\u00ed como los dispositivos t\u00e9cnicos de protecci\u00f3n, o cualquier mecanismo o procedimiento establecido en el SITIO, (e) todo acto o intento para extraer a trav\u00e9s del SITIO o de sus CONTENIDOS informaci\u00f3n, materiales o c\u00f3digos no dispuestos para su uso como parte del SITIO, todo acto o intento por introducir, sin la autorizaci\u00f3n correspondiente, informaci\u00f3n, materiales o c\u00f3digos ajenos al SITIO o a los CONTENIDOS, as\u00ed como a sistemas inform\u00e1ticos de terceros.<\/p>\n<p style=\"font-weight: 400; text-align: justify;\">El USUARIO se obliga a acceder y\/o utilizar el SITIO y sus CONTENIDOS de conformidad con los mecanismos o procedimientos establecidos para esto por Industrias Mass a trav\u00e9s del SITIO, los CONTENIDOS, los presentes T\u00c9RMINOS DE USO o las instrucciones expresadas por el personal autorizado de Industrias Mass.<\/p>\n<p style=\"font-weight: 400; text-align: justify;\"><b><strong>T\u00e9rminos y Condiciones<\/strong><\/b><\/p>\n<p style=\"font-weight: 400; text-align: justify;\">El USUARIO se obliga a respetar todos los derechos de Propiedad Intelectual e Industrial sobre el SITIO y los CONTENIDOS, de los que es titular Industrias Mass.<\/p>\n<p style=\"font-weight: 400; text-align: justify;\">El USUARIO acepta que las actividades que se deriven de la utilizaci\u00f3n del SITIO y de los CONTENIDOS podr\u00e1n ser monitoreadas por Industrias Mass.<\/p>\n<p style=\"font-weight: 400; text-align: justify;\">El USUARIO podr\u00e1 solamente hacer copias simples para uso personal de los CONTENIDOS, siempre y cuando el sello de \u201cCopyright\u201d o \u201cDerechos de Autor\u201d o \u201cC. R.\u201d o \u201cD. R.\u201d a favor de Industrias Mass, sea desplegado en dichas copias.<\/p>\n<p style=\"font-weight: 400; text-align: justify;\"><b><strong>Informaci\u00f3n de car\u00e1cter personal o confidencial<\/strong><\/b><\/p>\n<p style=\"font-weight: 400; text-align: justify;\">El USUARIO autoriza expresamente a Industrias Mass a utilizar, procesar, administrar e investigar para los fines para los que fue proporcionada, toda la informaci\u00f3n (incluyendo la de car\u00e1cter personal o confidencial) que \u00e9ste le proporcione a Industrias Mass a trav\u00e9s del SITIO (en adelante INFORMACI\u00d3N PERSONAL).<\/p>\n<p style=\"font-weight: 400; text-align: justify;\">El USUARIO se obliga a proporcionar INFORMACI\u00d3N PERSONAL verdadera y fidedigna. En caso de que el USUARIO diera informaci\u00f3n incompleta, falsa, contradictoria o confusa, Industrias Mass se reserva el derecho de negarle el acceso y uso al SITIO, subsitios del SITIO, y CONTENIDOS del mismo.<\/p>\n<p style=\"font-weight: 400; text-align: justify;\">Industrias Mass no podr\u00e1 compartir con terceros INFORMACI\u00d3N PERSONAL, salvo que \u00e9sta sea requerida por autoridad judicial o administrativa competente, o sea necesario para prestar un servicio o un producto requerido por el USUARIO, lo cual queda expresamente autorizado por el USUARIO.<\/p>\n<p style=\"font-weight: 400; text-align: justify;\">El USUARIO tiene el derecho al Acceso, Rectificaci\u00f3n, Cancelaci\u00f3n y Oposici\u00f3n de tus Datos Personales.\u00a0<span>\u00a0<\/span>(ARCO) Cualquier Titular o su Representante Legal podr\u00e1n ejercer sus Derechos ARCO, incluyendo el de revocar su Consentimiento para el Tratamiento de sus Datos Personales (siempre y cuando no existan derechos vigentes en favor de Industrias Mass, salvo las excepciones contempladas en la normativa vigente).<\/p>\n<p style=\"font-weight: 400; text-align: justify;\"><b><strong>Responsabilidad<\/strong><\/b><\/p>\n<p style=\"font-weight: 400; text-align: justify;\">Industrias Mass no garantiza que su SITIO o CONTENIDOS est\u00e9n exentos de elementos que pudieran producir alteraciones o da\u00f1ar el sistema inform\u00e1tico (software y\/o hardware) del USUARIO o la informaci\u00f3n almacenada en dicho sistema. Por lo cual Industrias Mass no es responsable en forma alguna por los da\u00f1os y perjuicios que pudiera sufrir el USUARIO, producto del acceso y\/o uso del SITIO o los CONTENIDOS.<\/p>\n<p style=\"font-weight: 400; text-align: justify;\">El USUARIO reconoce y acepta ser el \u00fanico responsable por el acceso y\/o uso del SITIO y los CONTENIDOS, liberando de esta forma al USUARIO de cualquier responsabilidad, a Industrias Mass.<\/p>\n<p style=\"font-weight: 400; text-align: justify;\">El USUARIO es responsable de cualquier da\u00f1o y\/o perjuicio que ocasionase a Industrias Mass por el acceso y\/o uso del SITIO y\/o de los CONTENIDOS. Oblig\u00e1ndose el USUARIO a sacar en paz y a salvo a Industrias Mass de cualquier conflicto motivado por el acceso y\/o uso del SITIO y los CONTENIDOS. Lo anterior con independencia de la obligaci\u00f3n del USUARIO de pagar y resarcir los da\u00f1os y perjuicios que le ocasione a Industrias Mass con motivo del acceso y\/o uso del SITIO y los CONTENIDOS.<\/p>\n<p style=\"font-weight: 400; text-align: justify;\">Cualquier irregularidad, anomal\u00eda o sospecha que involucre los intereses de Industrias Mass, deber\u00e1 reportarse inmediatamente a trav\u00e9s del correo electr\u00f3nico: jdiaz@rinnai.mx\u00a0 , <a href=\"mailto:jcaballero@rinnai.mx\">jcaballero@rinnai.mx<\/a> o bien en la siguiente direcci\u00f3n:<\/p>\n<p style=\"font-weight: 400; text-align: justify;\">Industrias Mass<\/p>\n<p style=\"font-weight: 400; text-align: justify;\">Recursos petroleros no. 5 Col. La Loma, Tlalnepantla de Baz, Estado de M\u00e9xico. C.P. 54060<\/p>\n<p style=\"font-weight: 400; text-align: justify;\">Tel. +52 (55) 53979800<\/p>\n<p style=\"font-weight: 400; text-align: justify;\">Sitios y contenidos ajenos al SITIO y a los CONTENIDOS<\/p>\n<p style=\"font-weight: 400; text-align: justify;\">Industrias Mass se reserva el derecho de sugerir sitios, subsitios o material ajenos al SITIO y a Industrias Mass por considerarlos de inter\u00e9s para los USUARIOS. Industrias Mass no es responsable en forma alguna de dichos sitios y materiales, as\u00ed como del acceso o uso por parte del USUARIO de los mismos.<\/p>\n<p style=\"font-weight: 400; text-align: justify;\">De la misma forma cualquier sitio y\/o subsitio en Internet, ajeno al SITIO, puede tener una liga (v\u00ednculo, hiperv\u00ednculo, \u201clink\u201d) al SITIO o CONTENIDOS con o sin autorizaci\u00f3n de Industrias Mass. Por lo que Industrias Mass no es responsable del origen, los usos y destinos de dichos v\u00ednculos. De la misma manera, el responsable de los sitios y\/o subsitios que mencionan o manejan un v\u00ednculo al SITIO y\/o los CONTENIDOS, no est\u00e1 necesariamente autorizado para manejar dichos v\u00ednculos, ni para promover a Industrias Mass, el SITIO o los CONTENIDOS. Industrias Mass no asume ninguna responsabilidad de dichos sitios, ni de sus contenidos ajenos al SITIO, ni acepta cargo alguno por publicidad, a menos que se cuente con un contrato previamente firmado por las partes.<\/p>\n<p style=\"font-weight: 400; text-align: justify;\"><b><strong>Vigencia y modificaciones<\/strong><\/b><\/p>\n<p style=\"font-weight: 400; text-align: justify;\">Los presentes T\u00c9RMINOS DE USO tendr\u00e1n una vigencia indefinida, y entrar\u00e1n en vigor a partir de su publicaci\u00f3n en el SITIO. El USUARIO acepta que Industrias Mass podr\u00e1 modificar y adicionar, de manera unilateral y sin previo aviso los T\u00c9RMINOS DE USO. Dichas modificaciones o adiciones entrar\u00e1n en vigor a partir de su publicaci\u00f3n en el SITIO.<\/p>\n<p style=\"font-weight: 400; text-align: justify;\"><b><strong>Interpretaci\u00f3n y Jurisdicci\u00f3n<\/strong><\/b><\/p>\n<p style=\"font-weight: 400; text-align: justify;\">Cualquier derecho que no se haya conferido expresamente a alguna de las partes en el presente documento, se entender\u00e1 conferido a Industrias Mass.<\/p>\n<p style=\"font-weight: 400; text-align: justify;\">El USUARIO acepta que una versi\u00f3n impresa o electr\u00f3nica de los T\u00c9RMINOS DE USO, as\u00ed como cualquier comunicaci\u00f3n enviada y\/o recibida por cualquier forma, incluyendo en forma electr\u00f3nica, ser\u00e1 admisible como medio probatorio en cualquier procedimiento judicial o administrativo.<\/p>\n<p style=\"font-weight: 400; text-align: justify;\">En caso de que existiera alguna controversia con motivo de la interpretaci\u00f3n o cumplimiento del presente Contrato, o del acceso o uso del SITIO o los CONTENIDOS, el USUARIO se somete expresamente a las leyes aplicables y tribunales competentes de la Ciudad de M\u00e9xico, renunciando a cualquier otro fuero o legislaci\u00f3n que pudiera corresponderle por raz\u00f3n de su domicilio presente o futuro o por cualquier otra causa.<\/p>\n<p>[\/et_pb_text][\/et_pb_column][\/et_pb_row][\/et_pb_section]<\/p>\n","protected":false},"excerpt":{"rendered":"<p>AVISO DE USO Y PRIVACIDAD INTEGRAL DE INDUSTRIAS MASS De conformidad con lo establecido por la Ley Federal de Protecci\u00f3n de Datos Personales en Posesi\u00f3n de los Particulares \u201cLey de Protecci\u00f3n de Datos\u201d y por el Reglamento de la Ley Federal de Protecci\u00f3n de Datos Personales en Posesi\u00f3n de los Particulares \u201cReglamento\u201d, a los usuarios [&hellip;]<\/p>\n","protected":false},"author":1,"featured_media":0,"parent":0,"menu_order":0,"comment_status":"closed","ping_status":"closed","template":"","meta":{"_et_pb_use_builder":"on","_et_pb_old_content":"","_et_gb_content_width":"","footnotes":""},"class_list":["post-1200","page","type-page","status-publish","hentry"],"_links":{"self":[{"href":"https:\/\/indmass.com.mx\/home\/wp-json\/wp\/v2\/pages\/1200","targetHints":{"allow":["GET"]}}],"collection":[{"href":"https:\/\/indmass.com.mx\/home\/wp-json\/wp\/v2\/pages"}],"about":[{"href":"https:\/\/indmass.com.mx\/home\/wp-json\/wp\/v2\/types\/page"}],"author":[{"embeddable":true,"href":"https:\/\/indmass.com.mx\/home\/wp-json\/wp\/v2\/users\/1"}],"replies":[{"embeddable":true,"href":"https:\/\/indmass.com.mx\/home\/wp-json\/wp\/v2\/comments?post=1200"}],"version-history":[{"count":4,"href":"https:\/\/indmass.com.mx\/home\/wp-json\/wp\/v2\/pages\/1200\/revisions"}],"predecessor-version":[{"id":1205,"href":"https:\/\/indmass.com.mx\/home\/wp-json\/wp\/v2\/pages\/1200\/revisions\/1205"}],"wp:attachment":[{"href":"https:\/\/indmass.com.mx\/home\/wp-json\/wp\/v2\/media?parent=1200"}],"curies":[{"name":"wp","href":"https:\/\/api.w.org\/{rel}","templated":true}]}}